{"id":558,"date":"2025-06-02T08:14:44","date_gmt":"2025-06-02T08:14:44","guid":{"rendered":"https:\/\/www.finrip.fr\/?page_id=558"},"modified":"2025-06-02T08:28:38","modified_gmt":"2025-06-02T08:28:38","slug":"cgu","status":"publish","type":"page","link":"https:\/\/www.finrip.fr\/en\/cgu\/","title":{"rendered":"CGU"},"content":{"rendered":"\n<style type=\"text\/css\" data-created_by=\"avia_inline_auto\" id=\"style-css-av-ka2u0-60472b0dd8c97d431ba8def040e635bd\">\n.avia-section.av-ka2u0-60472b0dd8c97d431ba8def040e635bd{\nbackground-color:#ffe6cf;\nbackground-image:unset;\n}\n<\/style>\n<div id='av_section_1'  class='avia-section av-ka2u0-60472b0dd8c97d431ba8def040e635bd main_color avia-section-default avia-no-border-styling  avia-builder-el-0  avia-builder-el-no-sibling  avia-bg-style-scroll container_wrap fullsize'  ><div class='container av-section-cont-open' ><main  role=\"main\" itemprop=\"mainContentOfPage\"  class='template-page content  av-content-full alpha units'><div class='post-entry post-entry-type-page post-entry-558'><div class='entry-content-wrapper clearfix'>\n<div  class='flex_column av-f8kvs-3b43d95a99a79dc2f191719f5e1da88d av_one_full  avia-builder-el-1  avia-builder-el-no-sibling  first flex_column_div  '     ><p><article  class='iconbox iconbox_top av-mbetkfbw-20cdcf0964f55646bccd996fd6067108  avia-builder-el-2  el_before_av_image  avia-builder-el-first  main_color'  itemscope=\"itemscope\" itemtype=\"https:\/\/schema.org\/CreativeWork\" ><div class=\"iconbox_content\"><header class=\"entry-content-header\" aria-label=\"Icon: Conditions G\u00e9n\u00e9rales d\u2019Utilisation\"><div class=\"iconbox_icon heading-color\" aria-hidden='true' data-av_icon='\ue8c9' data-av_iconfont='entypo-fontello'><\/div><h3 class='iconbox_content_title '  itemprop=\"headline\" >Conditions G\u00e9n\u00e9rales d\u2019Utilisation<\/h3><\/header><div class='iconbox_content_container '  itemprop=\"text\" ><p><strong>Derni\u00e8re mise \u00e0 jour : 02\/06\/2025<\/strong><\/p>\n<p>Les pr\u00e9sentes conditions g\u00e9n\u00e9rales d\u2019utilisation (dites \u00ab CGU \u00bb) ont pour objet l\u2019encadrement juridique des modalit\u00e9s de mise \u00e0 disposition<br \/>\ndu site et des services par FINRIP et de d\u00e9finir les conditions d\u2019acc\u00e8s et d\u2019utilisation des services par \u00ab l\u2019Utilisateur \u00bb. Les pr\u00e9sentes CGU sont<br \/>\naccessibles sur le site \u00e0 la rubrique \u00abConditions g\u00e9n\u00e9rales d\u2019utilisation\u00bb.<\/p>\n<h2>Article 1 : Les mentions l\u00e9gales<\/h2>\n<p>L\u2019\u00e9dition et la direction de la publication du site https:\/\/finrip.fr est assur\u00e9e par FINRIP S.A.S, 9 All\u00e9e Jean-Baptiste Venturi, ZA des Petits Champs<br \/>\n26120 Mont\u00e9lier \u2013 France dont l\u2019adresse e-mail : pierre.milhau@finrip.fr .<\/p>\n<p>La personne est assujettie au RCS avec le num\u00e9ro d\u2019inscription 913 977 740 00020 et son num\u00e9ro de TVA intracommunautaire est le FR88913977740<br \/>\nL\u2019h\u00e9bergeur du site https:\/\/finrip.fr est la soci\u00e9t\u00e9 PLANETHOSTER inc., 4416 Louis B. Mayer, Laval (Qu\u00e9bec) H7P 0G1, Canada., avec le num\u00e9ro de t\u00e9l\u00e9phone : 01 76 60 41 43.<\/p>\n<h2>ARTICLE 2 : Acc\u00e8s au site<\/h2>\n<p>Le site https:\/\/finrip.fr permet \u00e0 l\u2019Utilisateur un acc\u00e8s gratuit au site internet ci-nomm\u00e9.<br \/>\nLe site internet propose les services suivants :<br \/>\nFabrication de mat\u00e9riel de levage et de manutention Le site est accessible gratuitement en tout lieu \u00e0 tout Utilisateur ayant un acc\u00e8s \u00e0 Internet.<br \/>\nTous les frais support\u00e9s par l\u2019utilisateur pour acc\u00e9der au service (mat\u00e9riel informatique, logiciels, connexion Internet, etc.) sont \u00e0 sa charge.<\/p>\n<h2>ARTICLE 3 : Collecte des donn\u00e9es<\/h2>\n<p>Le site assure \u00e0 l\u2019utilisateur une collecte et un traitement d\u2019informations personnelles dans le respect de la vie priv\u00e9e conform\u00e9ment \u00e0 la loi n\u00b078-17<br \/>\ndu 6 janvier 1978 relative \u00e0 l\u2019informatique, aux fichiers et aux libert\u00e9s.<br \/>\nEn vertu de la loi Informatique et Libert\u00e9s, en date du 6 janvier 1978, l\u2019Utilisateur dispose d\u2019un droit d\u2019acc\u00e8s, de rectification, de suppression et d\u2019opposition de ses donn\u00e9es personnelles. L\u2019utilisateur exerce ce droit :<br \/>\n\u2022 Par e-mail : info@olivier-glon.com<br \/>\n\u2022 Par courrier postal : MONSIEUR OLIVIER GLON \u2013 54 RUE BISTOUR 26100 ROMANS-SUR-ISERE<\/p>\n<h2>ARTICLE 4 : Propri\u00e9t\u00e9 intellectuelle<\/h2>\n<p>Les marques, logos, signes ainsi que tous les contenus du site (textes, images, son\u2026) font l\u2019objet d\u2019une protection par le Code de la propri\u00e9t\u00e9 intellectuelle et plus particuli\u00e8rement par le droit d\u2019auteur.<br \/>\nL\u2019utilisateur doit solliciter l\u2019autorisation pr\u00e9alable du site pour toute reproduction, publication, copie des diff\u00e9rents contenus. Il s\u2019engage \u00e0 une<br \/>\nutilisation des contenus du site dans un cadre strictement priv\u00e9, toute utilisation \u00e0 des fins commerciales et publicitaires est strictement interdite.<br \/>\nToute repr\u00e9sentation totale ou partielle de ce site par quelque proc\u00e9d\u00e9 que ce soit, sans l\u2019autorisation expresse de l\u2019exploitant du site Internet constituerait une contrefa\u00e7on sanctionn\u00e9e par l\u2019article L 335-2 et suivants du Code de la propri\u00e9t\u00e9 intellectuelle.<br \/>\nIl est rappel\u00e9 conform\u00e9ment \u00e0 l\u2019article L122-5 du Code de propri\u00e9t\u00e9 intellectuelle que l\u2019utilisateur qui reproduit, copie ou publie le contenu prot\u00e9g\u00e9 doit citer l\u2019auteur et sa source.<\/p>\n<h2>ARTICLE 5 : Responsabilit\u00e9<\/h2>\n<p>Les sources des informations diffus\u00e9es sur le site https:\/\/finrip.fr sont r\u00e9put\u00e9es fiables mais le site ne garantit pas qu\u2019il soit exempt de d\u00e9fauts,<br \/>\nd\u2019erreurs ou d\u2019omissions.<br \/>\nLes informations communiqu\u00e9es sont pr\u00e9sent\u00e9es \u00e0 titre indicatif et g\u00e9n\u00e9ral sans valeur contractuelle. Malgr\u00e9 des mises \u00e0 jour r\u00e9guli\u00e8res, le site<br \/>\nhttps:\/\/finrip.fr ne peut \u00eatre tenu responsable de la modification des dispositions administratives et juridiques survenant apr\u00e8s la publication. De<br \/>\nm\u00eame, le site ne peut \u00eatre tenue responsable de l\u2019utilisation et de l\u2019interpr\u00e9tation de l\u2019information contenue dans ce site.<br \/>\nLe site https:\/\/finrip.fr ne peut \u00eatre tenu pour responsable d\u2019\u00e9ventuels virus qui pourraient infecter l\u2019ordinateur ou tout mat\u00e9riel informatique de<br \/>\nl\u2019Internaute, suite \u00e0 une utilisation, \u00e0 l\u2019acc\u00e8s, ou au t\u00e9l\u00e9chargement provenant de ce site.<br \/>\nLa responsabilit\u00e9 du site ne peut \u00eatre engag\u00e9e en cas de force majeure ou du fait impr\u00e9visible et insurmontable d\u2019un tiers.<\/p>\n<h2>ARTICLE 6 : Liens hypertextes<\/h2>\n<p>Des liens hypertextes peuvent \u00eatre pr\u00e9sents sur le site. L\u2019utilisateur est inform\u00e9 qu\u2019en cliquant sur ces liens, il sortira du site https:\/\/finrip.fr . Ce<br \/>\ndernier n\u2019a pas de contr\u00f4le sur les pages web sur lesquelles aboutissent ces liens et ne saurait, en aucun cas, \u00eatre responsable de leur contenu.<\/p>\n<h2>ARTICLE 7 : Cookies<\/h2>\n<p>L\u2019utilisateur est inform\u00e9 que lors de ses visites sur le site, un cookie peut s\u2019installer automatiquement sur son logiciel de navigation.<br \/>\nLes cookies sont de petits fichiers stock\u00e9s temporairement sur le disque dur de l\u2019ordinateur de l\u2019Utilisateur par votre navigateur et qui sont n\u00e9cessaires \u00e0 l\u2019utilisation du site https:\/\/finrip.fr . Les cookies ne contiennent pas d\u2019information personnelle et ne peuvent pas \u00eatre utilis\u00e9s pour identifier quelqu\u2019un. Un cookie contient un identifiant unique, g\u00e9n\u00e9r\u00e9 al\u00e9atoirement et donc anonyme. Certains cookies expirent \u00e0 la fin de la visite de l\u2019Utilisateur, d\u2019autres restent.<br \/>\nL\u2019information contenue dans les cookies est utilis\u00e9e pour am\u00e9liorer le site https:\/\/finrip.fr<br \/>\nEn naviguant sur le site, l\u2019utilisateur les accepte.<br \/>\nL\u2019utilisateur doit toutefois donner son consentement quant \u00e0 l\u2019utilisation de certains cookies.<br \/>\nA d\u00e9faut d\u2019acceptation, l\u2019utilisateur est inform\u00e9 que certaines fonctionnalit\u00e9s ou pages risquent de lui \u00eatre refus\u00e9es.<br \/>\nL\u2019Utilisateur pourra d\u00e9sactiver ces cookies par l\u2019interm\u00e9diaire des param\u00e8tres figurant au sein de son logiciel de navigation.<\/p>\n<h2>ARTICLE 8 : Droit applicable et juridiction comp\u00e9tente<\/h2>\n<p>La l\u00e9gislation fran\u00e7aise s\u2019applique au pr\u00e9sent contrat. En cas d\u2019absence de r\u00e9solution amiable d\u2019un litige n\u00e9 entre les parties, les tribunaux fran\u00e7ais<br \/>\nseront seuls comp\u00e9tents pour en conna\u00eetre.<br \/>\nPour toute question relative \u00e0 l\u2019application des pr\u00e9sentes CGU, vous pouvez joindre l\u2019\u00e9diteur aux coordonn\u00e9es inscrites \u00e0 l\u2019ARTICLE 1<\/p>\n<\/div><\/div><footer class=\"entry-footer\"><\/footer><\/article><br \/>\n\n<style type=\"text\/css\" data-created_by=\"avia_inline_auto\" id=\"style-css-av-alfwo-efaf4a719367a3563f5ad735c59ca1c4\">\n.avia-image-container.av-alfwo-efaf4a719367a3563f5ad735c59ca1c4 img.avia_image{\nbox-shadow:none;\n}\n.avia-image-container.av-alfwo-efaf4a719367a3563f5ad735c59ca1c4 .av-image-caption-overlay-center{\ncolor:#ffffff;\n}\n<\/style>\n<div  class='avia-image-container av-alfwo-efaf4a719367a3563f5ad735c59ca1c4 av-styling- avia-align-center  avia-builder-el-3  el_after_av_icon_box  avia-builder-el-last '   itemprop=\"image\" itemscope=\"itemscope\" itemtype=\"https:\/\/schema.org\/ImageObject\" ><div class=\"avia-image-container-inner\"><div class=\"avia-image-overlay-wrap\"><img decoding=\"async\" fetchpriority=\"high\" class='wp-image-340 avia-img-lazy-loading-not-340 avia_image ' src=\"https:\/\/www.finrip.fr\/wp-content\/uploads\/2025\/01\/logo-FINRIP-300x114.png\" alt='' title='logo FINRIP'  height=\"114\" width=\"300\"  itemprop=\"thumbnailUrl\" srcset=\"https:\/\/www.finrip.fr\/wp-content\/uploads\/2025\/01\/logo-FINRIP-300x114.png 300w, https:\/\/www.finrip.fr\/wp-content\/uploads\/2025\/01\/logo-FINRIP.png 426w\" sizes=\"(max-width: 300px) 100vw, 300px\" \/><\/div><\/div><\/div><\/p><\/div>\n","protected":false},"excerpt":{"rendered":"","protected":false},"author":1,"featured_media":0,"parent":0,"menu_order":0,"comment_status":"closed","ping_status":"closed","template":"","meta":{"_monsterinsights_skip_tracking":false,"_monsterinsights_sitenote_active":false,"_monsterinsights_sitenote_note":"","_monsterinsights_sitenote_category":0,"footnotes":""},"class_list":["post-558","page","type-page","status-publish","hentry"],"yoast_head":"<!-- This site is optimized with the Yoast SEO plugin v27.0 - https:\/\/yoast.com\/product\/yoast-seo-wordpress\/ -->\n<title>CGU - FINRIP<\/title>\n<meta name=\"description\" content=\"FINRIP con\u00e7oit et fabrique des doigts de pr\u00e9hension et des pr\u00e9henseurs pluridigitaux industriels robustes pour robots ou cobots, afin de saisir tous types d\u2019objets, les d\u00e9placer ou les maintenir fermement.\" \/>\n<meta name=\"robots\" content=\"index, follow, max-snippet:-1, max-image-preview:large, max-video-preview:-1\" \/>\n<link rel=\"canonical\" href=\"https:\/\/www.finrip.fr\/en\/cgu\/\" \/>\n<meta property=\"og:locale\" content=\"en_US\" \/>\n<meta property=\"og:type\" content=\"article\" \/>\n<meta property=\"og:title\" content=\"CGU - FINRIP\" \/>\n<meta property=\"og:description\" content=\"FINRIP con\u00e7oit et fabrique des doigts de pr\u00e9hension et des pr\u00e9henseurs pluridigitaux industriels robustes pour robots ou cobots, afin de saisir tous types d\u2019objets, les d\u00e9placer ou les maintenir fermement.\" \/>\n<meta property=\"og:url\" content=\"https:\/\/www.finrip.fr\/en\/cgu\/\" \/>\n<meta property=\"og:site_name\" content=\"FINRIP\" \/>\n<meta property=\"article:modified_time\" content=\"2025-06-02T08:28:38+00:00\" \/>\n<meta property=\"og:image\" content=\"https:\/\/www.finrip.fr\/wp-content\/uploads\/2025\/01\/logo-FINRIP.png\" \/>\n\t<meta property=\"og:image:width\" content=\"426\" \/>\n\t<meta property=\"og:image:height\" content=\"162\" \/>\n\t<meta property=\"og:image:type\" content=\"image\/png\" \/>\n<meta name=\"twitter:card\" content=\"summary_large_image\" \/>\n<meta name=\"twitter:label1\" content=\"Est. reading time\" \/>\n\t<meta name=\"twitter:data1\" content=\"5 minutes\" \/>\n<script type=\"application\/ld+json\" class=\"yoast-schema-graph\">{\"@context\":\"https:\/\/schema.org\",\"@graph\":[{\"@type\":\"WebPage\",\"@id\":\"https:\/\/www.finrip.fr\/en\/cgu\/\",\"url\":\"https:\/\/www.finrip.fr\/en\/cgu\/\",\"name\":\"CGU - FINRIP\",\"isPartOf\":{\"@id\":\"https:\/\/www.finrip.fr\/en\/#website\"},\"datePublished\":\"2025-06-02T08:14:44+00:00\",\"dateModified\":\"2025-06-02T08:28:38+00:00\",\"description\":\"FINRIP con\u00e7oit et fabrique des doigts de pr\u00e9hension et des pr\u00e9henseurs pluridigitaux industriels robustes pour robots ou cobots, afin de saisir tous types d\u2019objets, les d\u00e9placer ou les maintenir fermement.\",\"breadcrumb\":{\"@id\":\"https:\/\/www.finrip.fr\/en\/cgu\/#breadcrumb\"},\"inLanguage\":\"en-US\",\"potentialAction\":[{\"@type\":\"ReadAction\",\"target\":[\"https:\/\/www.finrip.fr\/en\/cgu\/\"]}]},{\"@type\":\"BreadcrumbList\",\"@id\":\"https:\/\/www.finrip.fr\/en\/cgu\/#breadcrumb\",\"itemListElement\":[{\"@type\":\"ListItem\",\"position\":1,\"name\":\"Accueil\",\"item\":\"https:\/\/www.finrip.fr\/en\/\"},{\"@type\":\"ListItem\",\"position\":2,\"name\":\"CGU\"}]},{\"@type\":\"WebSite\",\"@id\":\"https:\/\/www.finrip.fr\/en\/#website\",\"url\":\"https:\/\/www.finrip.fr\/en\/\",\"name\":\"FINRIP.FR\",\"description\":\"FINRIP con\u00e7oit et fabrique des doigts de pr\u00e9hension et des pr\u00e9henseurs pluridigitaux industriels robustes pour robots ou cobots, afin de saisir tous types d\u2019objets, les d\u00e9placer ou les maintenir fermement.\",\"publisher\":{\"@id\":\"https:\/\/www.finrip.fr\/en\/#organization\"},\"alternateName\":\"FINRIP\",\"potentialAction\":[{\"@type\":\"SearchAction\",\"target\":{\"@type\":\"EntryPoint\",\"urlTemplate\":\"https:\/\/www.finrip.fr\/en\/?s={search_term_string}\"},\"query-input\":{\"@type\":\"PropertyValueSpecification\",\"valueRequired\":true,\"valueName\":\"search_term_string\"}}],\"inLanguage\":\"en-US\"},{\"@type\":\"Organization\",\"@id\":\"https:\/\/www.finrip.fr\/en\/#organization\",\"name\":\"FINRIP\",\"alternateName\":\"FINRIP\",\"url\":\"https:\/\/www.finrip.fr\/en\/\",\"logo\":{\"@type\":\"ImageObject\",\"inLanguage\":\"en-US\",\"@id\":\"https:\/\/www.finrip.fr\/en\/#\/schema\/logo\/image\/\",\"url\":\"https:\/\/www.finrip.fr\/wp-content\/uploads\/2025\/01\/logo-FINRIP-2.png\",\"contentUrl\":\"https:\/\/www.finrip.fr\/wp-content\/uploads\/2025\/01\/logo-FINRIP-2.png\",\"width\":426,\"height\":162,\"caption\":\"FINRIP\"},\"image\":{\"@id\":\"https:\/\/www.finrip.fr\/en\/#\/schema\/logo\/image\/\"},\"sameAs\":[\"http:\/\/www.linkedin.com\/company\/finrip\/\"]}]}<\/script>\n<!-- \/ Yoast SEO plugin. -->","yoast_head_json":{"title":"CGU - FINRIP","description":"FINRIP con\u00e7oit et fabrique des doigts de pr\u00e9hension et des pr\u00e9henseurs pluridigitaux industriels robustes pour robots ou cobots, afin de saisir tous types d\u2019objets, les d\u00e9placer ou les maintenir fermement.","robots":{"index":"index","follow":"follow","max-snippet":"max-snippet:-1","max-image-preview":"max-image-preview:large","max-video-preview":"max-video-preview:-1"},"canonical":"https:\/\/www.finrip.fr\/en\/cgu\/","og_locale":"en_US","og_type":"article","og_title":"CGU - FINRIP","og_description":"FINRIP con\u00e7oit et fabrique des doigts de pr\u00e9hension et des pr\u00e9henseurs pluridigitaux industriels robustes pour robots ou cobots, afin de saisir tous types d\u2019objets, les d\u00e9placer ou les maintenir fermement.","og_url":"https:\/\/www.finrip.fr\/en\/cgu\/","og_site_name":"FINRIP","article_modified_time":"2025-06-02T08:28:38+00:00","og_image":[{"width":426,"height":162,"url":"https:\/\/www.finrip.fr\/wp-content\/uploads\/2025\/01\/logo-FINRIP.png","type":"image\/png"}],"twitter_card":"summary_large_image","twitter_misc":{"Est. reading time":"5 minutes"},"schema":{"@context":"https:\/\/schema.org","@graph":[{"@type":"WebPage","@id":"https:\/\/www.finrip.fr\/en\/cgu\/","url":"https:\/\/www.finrip.fr\/en\/cgu\/","name":"CGU - FINRIP","isPartOf":{"@id":"https:\/\/www.finrip.fr\/en\/#website"},"datePublished":"2025-06-02T08:14:44+00:00","dateModified":"2025-06-02T08:28:38+00:00","description":"FINRIP con\u00e7oit et fabrique des doigts de pr\u00e9hension et des pr\u00e9henseurs pluridigitaux industriels robustes pour robots ou cobots, afin de saisir tous types d\u2019objets, les d\u00e9placer ou les maintenir fermement.","breadcrumb":{"@id":"https:\/\/www.finrip.fr\/en\/cgu\/#breadcrumb"},"inLanguage":"en-US","potentialAction":[{"@type":"ReadAction","target":["https:\/\/www.finrip.fr\/en\/cgu\/"]}]},{"@type":"BreadcrumbList","@id":"https:\/\/www.finrip.fr\/en\/cgu\/#breadcrumb","itemListElement":[{"@type":"ListItem","position":1,"name":"Accueil","item":"https:\/\/www.finrip.fr\/en\/"},{"@type":"ListItem","position":2,"name":"CGU"}]},{"@type":"WebSite","@id":"https:\/\/www.finrip.fr\/en\/#website","url":"https:\/\/www.finrip.fr\/en\/","name":"FINRIP.FR","description":"FINRIP con\u00e7oit et fabrique des doigts de pr\u00e9hension et des pr\u00e9henseurs pluridigitaux industriels robustes pour robots ou cobots, afin de saisir tous types d\u2019objets, les d\u00e9placer ou les maintenir fermement.","publisher":{"@id":"https:\/\/www.finrip.fr\/en\/#organization"},"alternateName":"FINRIP","potentialAction":[{"@type":"SearchAction","target":{"@type":"EntryPoint","urlTemplate":"https:\/\/www.finrip.fr\/en\/?s={search_term_string}"},"query-input":{"@type":"PropertyValueSpecification","valueRequired":true,"valueName":"search_term_string"}}],"inLanguage":"en-US"},{"@type":"Organization","@id":"https:\/\/www.finrip.fr\/en\/#organization","name":"FINRIP","alternateName":"FINRIP","url":"https:\/\/www.finrip.fr\/en\/","logo":{"@type":"ImageObject","inLanguage":"en-US","@id":"https:\/\/www.finrip.fr\/en\/#\/schema\/logo\/image\/","url":"https:\/\/www.finrip.fr\/wp-content\/uploads\/2025\/01\/logo-FINRIP-2.png","contentUrl":"https:\/\/www.finrip.fr\/wp-content\/uploads\/2025\/01\/logo-FINRIP-2.png","width":426,"height":162,"caption":"FINRIP"},"image":{"@id":"https:\/\/www.finrip.fr\/en\/#\/schema\/logo\/image\/"},"sameAs":["http:\/\/www.linkedin.com\/company\/finrip\/"]}]}},"_links":{"self":[{"href":"https:\/\/www.finrip.fr\/en\/wp-json\/wp\/v2\/pages\/558","targetHints":{"allow":["GET"]}}],"collection":[{"href":"https:\/\/www.finrip.fr\/en\/wp-json\/wp\/v2\/pages"}],"about":[{"href":"https:\/\/www.finrip.fr\/en\/wp-json\/wp\/v2\/types\/page"}],"author":[{"embeddable":true,"href":"https:\/\/www.finrip.fr\/en\/wp-json\/wp\/v2\/users\/1"}],"replies":[{"embeddable":true,"href":"https:\/\/www.finrip.fr\/en\/wp-json\/wp\/v2\/comments?post=558"}],"version-history":[{"count":2,"href":"https:\/\/www.finrip.fr\/en\/wp-json\/wp\/v2\/pages\/558\/revisions"}],"predecessor-version":[{"id":561,"href":"https:\/\/www.finrip.fr\/en\/wp-json\/wp\/v2\/pages\/558\/revisions\/561"}],"wp:attachment":[{"href":"https:\/\/www.finrip.fr\/en\/wp-json\/wp\/v2\/media?parent=558"}],"curies":[{"name":"wp","href":"https:\/\/api.w.org\/{rel}","templated":true}]}}