{"id":375,"date":"2025-01-13T15:52:32","date_gmt":"2025-01-13T15:52:32","guid":{"rendered":"https:\/\/www.finrip.fr\/?page_id=375"},"modified":"2025-02-05T13:25:37","modified_gmt":"2025-02-05T13:25:37","slug":"legal-information","status":"publish","type":"page","link":"https:\/\/www.finrip.fr\/en\/legal-information\/","title":{"rendered":"Legal Information"},"content":{"rendered":"\n<style type=\"text\/css\" data-created_by=\"avia_inline_auto\" id=\"style-css-av-d2qv1-4e74f8fe8e76220c6b57b851e1f3e81f\">\n.avia-section.av-d2qv1-4e74f8fe8e76220c6b57b851e1f3e81f{\nbackground-color:#ffe6cf;\nbackground-image:unset;\n}\n<\/style>\n<div id='av_section_1'  class='avia-section av-d2qv1-4e74f8fe8e76220c6b57b851e1f3e81f main_color avia-section-default avia-no-border-styling  avia-builder-el-0  avia-builder-el-no-sibling  avia-bg-style-scroll container_wrap fullsize'  ><div class='container av-section-cont-open' ><main  role=\"main\" itemprop=\"mainContentOfPage\"  class='template-page content  av-content-full alpha units'><div class='post-entry post-entry-type-page post-entry-375'><div class='entry-content-wrapper clearfix'>\n<div  class='flex_column av-8hvod-3bccc66beb13fd5a897ce95733a86810 av_one_full  avia-builder-el-1  avia-builder-el-no-sibling  first flex_column_div  '     ><p><article  class='iconbox iconbox_top av-m5v9wara-682fc1d5c335f375ea1e3ca2c76a3d3d  avia-builder-el-2  el_before_av_image  avia-builder-el-first  main_color'  itemscope=\"itemscope\" itemtype=\"https:\/\/schema.org\/CreativeWork\" ><div class=\"iconbox_content\"><header class=\"entry-content-header\" aria-label=\"Icon: Legal Information\"><div class=\"iconbox_icon heading-color\" aria-hidden='true' data-av_icon='\ue8c9' data-av_iconfont='entypo-fontello'><\/div><h3 class='iconbox_content_title '  itemprop=\"headline\" >Legal Information<\/h3><\/header><div class='iconbox_content_container '  itemprop=\"text\" ><p><strong>Website name:<\/strong><br \/>\nwww.finrip.fr<br \/>\nDirector of publication: Pierre Milhau<\/p>\n<p><strong>Address:<\/strong><br \/>\nFINRIP S.A.S.<br \/>\n9 All\u00e9e Jean-Baptiste Venturi<br \/>\nZA des Petits Champs<br \/>\n26120 Mont\u00e9lier<br \/>\nFrance<\/p>\n<p><strong>Website design and development:<\/strong><br \/>\nXL NET<br \/>\nAddress:<br \/>\n30 rue Sylvain Simondan<br \/>\n69009 Lyon<br \/>\nFrance<br \/>\nTel. +33 (0)6 09 74 04 23<\/p>\n<p><strong>Website maintenance:<\/strong><br \/>\nXL NET<br \/>\nAddress:<br \/>\n30 rue Sylvain Simondan<br \/>\n69009 Lyon<br \/>\nFrance<br \/>\nTel. +33 (0)6 09 74 04 23<\/p>\n<p><strong>Hosting:<\/strong><br \/>\nPlanetHoster Inc.<br \/>\n4416 rue Louis B. Mayer<br \/>\nLaval (Quebec) H7P 0G1<br \/>\nCanada<\/p>\n<\/div><\/div><footer class=\"entry-footer\"><\/footer><\/article><br \/>\n\n<style type=\"text\/css\" data-created_by=\"avia_inline_auto\" id=\"style-css-av-m5va7nps-604572364022b50a6b483187000e1635\">\n.avia-image-container.av-m5va7nps-604572364022b50a6b483187000e1635 img.avia_image{\nbox-shadow:none;\n}\n.avia-image-container.av-m5va7nps-604572364022b50a6b483187000e1635 .av-image-caption-overlay-center{\ncolor:#ffffff;\n}\n<\/style>\n<div  class='avia-image-container av-m5va7nps-604572364022b50a6b483187000e1635 av-styling- avia-align-center  avia-builder-el-3  el_after_av_icon_box  avia-builder-el-last '   itemprop=\"image\" itemscope=\"itemscope\" itemtype=\"https:\/\/schema.org\/ImageObject\" ><div class=\"avia-image-container-inner\"><div class=\"avia-image-overlay-wrap\"><img decoding=\"async\" fetchpriority=\"high\" class='wp-image-340 avia-img-lazy-loading-not-340 avia_image ' src=\"https:\/\/www.finrip.fr\/wp-content\/uploads\/2025\/01\/logo-FINRIP-300x114.png\" alt='' title='logo FINRIP'  height=\"114\" width=\"300\"  itemprop=\"thumbnailUrl\" srcset=\"https:\/\/www.finrip.fr\/wp-content\/uploads\/2025\/01\/logo-FINRIP-300x114.png 300w, https:\/\/www.finrip.fr\/wp-content\/uploads\/2025\/01\/logo-FINRIP.png 426w\" sizes=\"(max-width: 300px) 100vw, 300px\" \/><\/div><\/div><\/div><\/p><\/div>\n","protected":false},"excerpt":{"rendered":"","protected":false},"author":1,"featured_media":0,"parent":0,"menu_order":0,"comment_status":"closed","ping_status":"closed","template":"","meta":{"_monsterinsights_skip_tracking":false,"_monsterinsights_sitenote_active":false,"_monsterinsights_sitenote_note":"","_monsterinsights_sitenote_category":0,"footnotes":""},"class_list":["post-375","page","type-page","status-publish","hentry"],"yoast_head":"<!-- This site is optimized with the Yoast SEO plugin v27.0 - https:\/\/yoast.com\/product\/yoast-seo-wordpress\/ -->\n<title>Legal Information - FINRIP<\/title>\n<meta name=\"description\" content=\"FINRIP con\u00e7oit et fabrique des doigts de pr\u00e9hension et des pr\u00e9henseurs pluridigitaux industriels robustes pour robots ou cobots, afin de saisir tous types d\u2019objets, les d\u00e9placer ou les maintenir fermement.\" \/>\n<meta name=\"robots\" content=\"index, follow, max-snippet:-1, max-image-preview:large, max-video-preview:-1\" \/>\n<link rel=\"canonical\" href=\"https:\/\/www.finrip.fr\/en\/legal-information\/\" \/>\n<meta property=\"og:locale\" content=\"en_US\" \/>\n<meta property=\"og:type\" content=\"article\" \/>\n<meta property=\"og:title\" content=\"Legal Information - FINRIP\" \/>\n<meta property=\"og:description\" content=\"FINRIP con\u00e7oit et fabrique des doigts de pr\u00e9hension et des pr\u00e9henseurs pluridigitaux industriels robustes pour robots ou cobots, afin de saisir tous types d\u2019objets, les d\u00e9placer ou les maintenir fermement.\" \/>\n<meta property=\"og:url\" content=\"https:\/\/www.finrip.fr\/en\/legal-information\/\" \/>\n<meta property=\"og:site_name\" content=\"FINRIP\" \/>\n<meta property=\"article:modified_time\" content=\"2025-02-05T13:25:37+00:00\" \/>\n<meta property=\"og:image\" content=\"https:\/\/www.finrip.fr\/wp-content\/uploads\/2025\/01\/logo-FINRIP.png\" \/>\n\t<meta property=\"og:image:width\" content=\"426\" \/>\n\t<meta property=\"og:image:height\" content=\"162\" \/>\n\t<meta property=\"og:image:type\" content=\"image\/png\" \/>\n<meta name=\"twitter:card\" content=\"summary_large_image\" \/>\n<meta name=\"twitter:label1\" content=\"Est. reading time\" \/>\n\t<meta name=\"twitter:data1\" content=\"7 minutes\" \/>\n<script type=\"application\/ld+json\" class=\"yoast-schema-graph\">{\"@context\":\"https:\/\/schema.org\",\"@graph\":[{\"@type\":\"WebPage\",\"@id\":\"https:\/\/www.finrip.fr\/en\/legal-information\/\",\"url\":\"https:\/\/www.finrip.fr\/en\/legal-information\/\",\"name\":\"Legal Information - FINRIP\",\"isPartOf\":{\"@id\":\"https:\/\/www.finrip.fr\/en\/#website\"},\"datePublished\":\"2025-01-13T15:52:32+00:00\",\"dateModified\":\"2025-02-05T13:25:37+00:00\",\"description\":\"FINRIP con\u00e7oit et fabrique des doigts de pr\u00e9hension et des pr\u00e9henseurs pluridigitaux industriels robustes pour robots ou cobots, afin de saisir tous types d\u2019objets, les d\u00e9placer ou les maintenir fermement.\",\"breadcrumb\":{\"@id\":\"https:\/\/www.finrip.fr\/en\/legal-information\/#breadcrumb\"},\"inLanguage\":\"en-US\",\"potentialAction\":[{\"@type\":\"ReadAction\",\"target\":[\"https:\/\/www.finrip.fr\/en\/legal-information\/\"]}]},{\"@type\":\"BreadcrumbList\",\"@id\":\"https:\/\/www.finrip.fr\/en\/legal-information\/#breadcrumb\",\"itemListElement\":[{\"@type\":\"ListItem\",\"position\":1,\"name\":\"Accueil\",\"item\":\"https:\/\/www.finrip.fr\/en\/\"},{\"@type\":\"ListItem\",\"position\":2,\"name\":\"Legal Information\"}]},{\"@type\":\"WebSite\",\"@id\":\"https:\/\/www.finrip.fr\/en\/#website\",\"url\":\"https:\/\/www.finrip.fr\/en\/\",\"name\":\"FINRIP.FR\",\"description\":\"FINRIP con\u00e7oit et fabrique des doigts de pr\u00e9hension et des pr\u00e9henseurs pluridigitaux industriels robustes pour robots ou cobots, afin de saisir tous types d\u2019objets, les d\u00e9placer ou les maintenir fermement.\",\"publisher\":{\"@id\":\"https:\/\/www.finrip.fr\/en\/#organization\"},\"alternateName\":\"FINRIP\",\"potentialAction\":[{\"@type\":\"SearchAction\",\"target\":{\"@type\":\"EntryPoint\",\"urlTemplate\":\"https:\/\/www.finrip.fr\/en\/?s={search_term_string}\"},\"query-input\":{\"@type\":\"PropertyValueSpecification\",\"valueRequired\":true,\"valueName\":\"search_term_string\"}}],\"inLanguage\":\"en-US\"},{\"@type\":\"Organization\",\"@id\":\"https:\/\/www.finrip.fr\/en\/#organization\",\"name\":\"FINRIP\",\"alternateName\":\"FINRIP\",\"url\":\"https:\/\/www.finrip.fr\/en\/\",\"logo\":{\"@type\":\"ImageObject\",\"inLanguage\":\"en-US\",\"@id\":\"https:\/\/www.finrip.fr\/en\/#\/schema\/logo\/image\/\",\"url\":\"https:\/\/www.finrip.fr\/wp-content\/uploads\/2025\/01\/logo-FINRIP-2.png\",\"contentUrl\":\"https:\/\/www.finrip.fr\/wp-content\/uploads\/2025\/01\/logo-FINRIP-2.png\",\"width\":426,\"height\":162,\"caption\":\"FINRIP\"},\"image\":{\"@id\":\"https:\/\/www.finrip.fr\/en\/#\/schema\/logo\/image\/\"},\"sameAs\":[\"http:\/\/www.linkedin.com\/company\/finrip\/\"]}]}<\/script>\n<!-- \/ Yoast SEO plugin. -->","yoast_head_json":{"title":"Legal Information - FINRIP","description":"FINRIP con\u00e7oit et fabrique des doigts de pr\u00e9hension et des pr\u00e9henseurs pluridigitaux industriels robustes pour robots ou cobots, afin de saisir tous types d\u2019objets, les d\u00e9placer ou les maintenir fermement.","robots":{"index":"index","follow":"follow","max-snippet":"max-snippet:-1","max-image-preview":"max-image-preview:large","max-video-preview":"max-video-preview:-1"},"canonical":"https:\/\/www.finrip.fr\/en\/legal-information\/","og_locale":"en_US","og_type":"article","og_title":"Legal Information - FINRIP","og_description":"FINRIP con\u00e7oit et fabrique des doigts de pr\u00e9hension et des pr\u00e9henseurs pluridigitaux industriels robustes pour robots ou cobots, afin de saisir tous types d\u2019objets, les d\u00e9placer ou les maintenir fermement.","og_url":"https:\/\/www.finrip.fr\/en\/legal-information\/","og_site_name":"FINRIP","article_modified_time":"2025-02-05T13:25:37+00:00","og_image":[{"width":426,"height":162,"url":"https:\/\/www.finrip.fr\/wp-content\/uploads\/2025\/01\/logo-FINRIP.png","type":"image\/png"}],"twitter_card":"summary_large_image","twitter_misc":{"Est. reading time":"7 minutes"},"schema":{"@context":"https:\/\/schema.org","@graph":[{"@type":"WebPage","@id":"https:\/\/www.finrip.fr\/en\/legal-information\/","url":"https:\/\/www.finrip.fr\/en\/legal-information\/","name":"Legal Information - FINRIP","isPartOf":{"@id":"https:\/\/www.finrip.fr\/en\/#website"},"datePublished":"2025-01-13T15:52:32+00:00","dateModified":"2025-02-05T13:25:37+00:00","description":"FINRIP con\u00e7oit et fabrique des doigts de pr\u00e9hension et des pr\u00e9henseurs pluridigitaux industriels robustes pour robots ou cobots, afin de saisir tous types d\u2019objets, les d\u00e9placer ou les maintenir fermement.","breadcrumb":{"@id":"https:\/\/www.finrip.fr\/en\/legal-information\/#breadcrumb"},"inLanguage":"en-US","potentialAction":[{"@type":"ReadAction","target":["https:\/\/www.finrip.fr\/en\/legal-information\/"]}]},{"@type":"BreadcrumbList","@id":"https:\/\/www.finrip.fr\/en\/legal-information\/#breadcrumb","itemListElement":[{"@type":"ListItem","position":1,"name":"Accueil","item":"https:\/\/www.finrip.fr\/en\/"},{"@type":"ListItem","position":2,"name":"Legal Information"}]},{"@type":"WebSite","@id":"https:\/\/www.finrip.fr\/en\/#website","url":"https:\/\/www.finrip.fr\/en\/","name":"FINRIP.FR","description":"FINRIP con\u00e7oit et fabrique des doigts de pr\u00e9hension et des pr\u00e9henseurs pluridigitaux industriels robustes pour robots ou cobots, afin de saisir tous types d\u2019objets, les d\u00e9placer ou les maintenir fermement.","publisher":{"@id":"https:\/\/www.finrip.fr\/en\/#organization"},"alternateName":"FINRIP","potentialAction":[{"@type":"SearchAction","target":{"@type":"EntryPoint","urlTemplate":"https:\/\/www.finrip.fr\/en\/?s={search_term_string}"},"query-input":{"@type":"PropertyValueSpecification","valueRequired":true,"valueName":"search_term_string"}}],"inLanguage":"en-US"},{"@type":"Organization","@id":"https:\/\/www.finrip.fr\/en\/#organization","name":"FINRIP","alternateName":"FINRIP","url":"https:\/\/www.finrip.fr\/en\/","logo":{"@type":"ImageObject","inLanguage":"en-US","@id":"https:\/\/www.finrip.fr\/en\/#\/schema\/logo\/image\/","url":"https:\/\/www.finrip.fr\/wp-content\/uploads\/2025\/01\/logo-FINRIP-2.png","contentUrl":"https:\/\/www.finrip.fr\/wp-content\/uploads\/2025\/01\/logo-FINRIP-2.png","width":426,"height":162,"caption":"FINRIP"},"image":{"@id":"https:\/\/www.finrip.fr\/en\/#\/schema\/logo\/image\/"},"sameAs":["http:\/\/www.linkedin.com\/company\/finrip\/"]}]}},"_links":{"self":[{"href":"https:\/\/www.finrip.fr\/en\/wp-json\/wp\/v2\/pages\/375","targetHints":{"allow":["GET"]}}],"collection":[{"href":"https:\/\/www.finrip.fr\/en\/wp-json\/wp\/v2\/pages"}],"about":[{"href":"https:\/\/www.finrip.fr\/en\/wp-json\/wp\/v2\/types\/page"}],"author":[{"embeddable":true,"href":"https:\/\/www.finrip.fr\/en\/wp-json\/wp\/v2\/users\/1"}],"replies":[{"embeddable":true,"href":"https:\/\/www.finrip.fr\/en\/wp-json\/wp\/v2\/comments?post=375"}],"version-history":[{"count":2,"href":"https:\/\/www.finrip.fr\/en\/wp-json\/wp\/v2\/pages\/375\/revisions"}],"predecessor-version":[{"id":559,"href":"https:\/\/www.finrip.fr\/en\/wp-json\/wp\/v2\/pages\/375\/revisions\/559"}],"wp:attachment":[{"href":"https:\/\/www.finrip.fr\/en\/wp-json\/wp\/v2\/media?parent=375"}],"curies":[{"name":"wp","href":"https:\/\/api.w.org\/{rel}","templated":true}]}}